{"id":84822,"date":"2021-01-26T11:11:24","date_gmt":"2021-01-26T10:11:24","guid":{"rendered":"https:\/\/famigo.info\/?page_id=84822"},"modified":"2021-07-20T15:20:10","modified_gmt":"2021-07-20T13:20:10","slug":"kontakt","status":"publish","type":"page","link":"https:\/\/famigo.info\/index.php\/kontakt\/","title":{"rendered":"Kontakt"},"content":{"rendered":"<div class=\"wpb-content-wrapper\"><p>[vc_row row_height_percent=&#8220;50&#8243; override_padding=&#8220;yes&#8220; h_padding=&#8220;2&#8243; top_padding=&#8220;3&#8243; bottom_padding=&#8220;3&#8243; back_color=&#8220;accent&#8220; back_image=&#8220;82746&#8243; overlay_color=&#8220;color-143431&#8243; overlay_alpha=&#8220;70&#8243; equal_height=&#8220;yes&#8220; gutter_size=&#8220;3&#8243; column_width_percent=&#8220;100&#8243; shift_y=&#8220;0&#8243; z_index=&#8220;0&#8243; top_divider=&#8220;gradient&#8220; bottom_divider=&#8220;gradient&#8220;][vc_column column_width_percent=&#8220;100&#8243; position_vertical=&#8220;middle&#8220; gutter_size=&#8220;3&#8243; style=&#8220;dark&#8220; overlay_alpha=&#8220;50&#8243; shift_x=&#8220;0&#8243; shift_y=&#8220;0&#8243; shift_y_down=&#8220;0&#8243; z_index=&#8220;0&#8243; medium_width=&#8220;0&#8243; mobile_width=&#8220;0&#8243; width=&#8220;1\/1&#8243;][vc_row_inner row_inner_height_percent=&#8220;0&#8243; overlay_alpha=&#8220;50&#8243; gutter_size=&#8220;3&#8243; shift_y=&#8220;0&#8243; limit_content=&#8220;&#8220;][vc_column_inner column_width_percent=&#8220;100&#8243; gutter_size=&#8220;3&#8243; style=&#8220;dark&#8220; overlay_alpha=&#8220;50&#8243; shift_x=&#8220;0&#8243; shift_y=&#8220;0&#8243; shift_y_down=&#8220;0&#8243; z_index=&#8220;0&#8243; medium_width=&#8220;0&#8243; mobile_width=&#8220;0&#8243; css_animation=&#8220;alpha-anim&#8220; animation_delay=&#8220;200&#8243; width=&#8220;9\/12&#8243;][vc_custom_heading heading_semantic=&#8220;h1&#8243; text_size=&#8220;fontsize-212125&#8243; text_color=&#8220;color-xsdn&#8220; css_animation=&#8220;typewriter&#8220; animation_speed=&#8220;700&#8243; interval_animation=&#8220;20&#8243;]Schreib uns![\/vc_custom_heading][\/vc_column_inner][\/vc_row_inner][\/vc_column][\/vc_row][vc_row][vc_column width=&#8220;1\/1&#8243;][\/vc_column][\/vc_row][vc_row row_height_percent=&#8220;0&#8243; back_color=&#8220;color-lxmt&#8220; overlay_alpha=&#8220;50&#8243; gutter_size=&#8220;3&#8243; column_width_percent=&#8220;100&#8243; shift_y=&#8220;0&#8243; z_index=&#8220;0&#8243;][vc_column width=&#8220;1\/2&#8243;][vc_row_inner][vc_column_inner width=&#8220;1\/1&#8243;][vc_column_text]Wir unterst\u00fctzen Unternehmen bei der Steigerung ihrer \u00fcberregionalen Bewerberquote \u2013 indem wir untersch\u00e4tze Standortfaktoren sichtbar machen.<\/p>\n<p>[\/vc_column_text][vc_column_text]Klingt interessant? Schreib uns![\/vc_column_text][\/vc_column_inner][\/vc_row_inner][\/vc_column][vc_column width=&#8220;1\/2&#8243;][vc_custom_heading]Standortvorteile von Unternehmen sichtbar machen[\/vc_custom_heading][vc_button button_color=&#8220;color-00b2ff&#8220; border_width=&#8220;0&#8243; css_animation=&#8220;top-t-bottom&#8220; link=&#8220;url:mailto%3A%20info%40famigo.info|target:_blank&#8220;]Email an FAMIGO[\/vc_button][\/vc_column][\/vc_row][vc_row][vc_column width=&#8220;1\/2&#8243;][vc_custom_heading]Bereit f\u00fcr die Digitalisierung der Familienangebote?[\/vc_custom_heading][vc_button button_color=&#8220;color-ff7f0f&#8220; border_width=&#8220;0&#8243; css_animation=&#8220;top-t-bottom&#8220; link=&#8220;url:mailto%3A%20info%40famigo.info|target:_blank&#8220;]Email an FAMIGO[\/vc_button][vc_empty_space empty_h=&#8220;2&#8243;][\/vc_column][vc_column width=&#8220;1\/2&#8243;][vc_column_text]Alle Familienangebote in einem Online-Tool \u2013 ein zeitgem\u00e4\u00dfer Service f\u00fcr die digitalaffine Elterngeneration und weniger Aufwand f\u00fcr die Stadtverwaltung bei der Datenerfassung und -pflege.<\/p>\n<p>Schreib uns, wenn du mehr erfahren m\u00f6chtest![\/vc_column_text][\/vc_column][\/vc_row][vc_row row_height_percent=&#8220;0&#8243; back_color=&#8220;color-fbbc04&#8243; overlay_alpha=&#8220;50&#8243; gutter_size=&#8220;3&#8243; column_width_percent=&#8220;100&#8243; shift_y=&#8220;0&#8243; z_index=&#8220;0&#8243;][vc_column width=&#8220;1\/2&#8243;][vc_empty_space][vc_custom_heading text_color=&#8220;color-549483&#8243;]Wir freuen uns auf Fragen, Ideen und Anmerkungen![\/vc_custom_heading][vc_icon icon=&#8220;fa fa-envelope2&#8243; icon_color=&#8220;color-xsdn&#8220; size=&#8220;fa-5x&#8220; text_lead=&#8220;yes&#8220;][\/vc_icon][vc_button button_color=&#8220;color-549483&#8243; border_width=&#8220;0&#8243; css_animation=&#8220;top-t-bottom&#8220; link=&#8220;url:mailto%3A%20info%40famigo.info|target:_blank&#8220;]Email an FAMIGO[\/vc_button][vc_empty_space empty_h=&#8220;2&#8243;][\/vc_column][vc_column width=&#8220;1\/2&#8243;][vc_empty_space empty_h=&#8220;3&#8243;][vc_single_image media=&#8220;84701&#8243; media_width_percent=&#8220;30&#8243; media_ratio=&#8220;one-one&#8220; alignment=&#8220;center&#8220; shape=&#8220;img-circle&#8220;][vc_column_text]Alexander Feldberger &#8211; Gesch\u00e4ftsf\u00fchrer FAMIGO GmbH[\/vc_column_text][vc_empty_space empty_h=&#8220;2&#8243;][\/vc_column][\/vc_row][vc_row row_height_percent=&#8220;0&#8243; override_padding=&#8220;yes&#8220; h_padding=&#8220;2&#8243; top_padding=&#8220;1&#8243; bottom_padding=&#8220;1&#8243; back_color=&#8220;color-prif&#8220; overlay_alpha=&#8220;50&#8243; gutter_size=&#8220;3&#8243; column_width_percent=&#8220;100&#8243; shift_y=&#8220;0&#8243; z_index=&#8220;0&#8243;][vc_column column_width_percent=&#8220;100&#8243; gutter_size=&#8220;4&#8243; override_padding=&#8220;yes&#8220; column_padding=&#8220;2&#8243; style=&#8220;dark&#8220; overlay_alpha=&#8220;50&#8243; shift_x=&#8220;0&#8243; shift_y=&#8220;0&#8243; shift_y_down=&#8220;0&#8243; z_index=&#8220;0&#8243; medium_width=&#8220;0&#8243; mobile_width=&#8220;0&#8243; width=&#8220;1\/1&#8243;][vc_row_inner row_inner_height_percent=&#8220;0&#8243; overlay_alpha=&#8220;50&#8243; gutter_size=&#8220;3&#8243; shift_y=&#8220;0&#8243; z_index=&#8220;0&#8243; limit_content=&#8220;&#8220;][vc_column_inner column_width_percent=&#8220;100&#8243; position_vertical=&#8220;middle&#8220; align_horizontal=&#8220;align_center&#8220; gutter_size=&#8220;3&#8243; style=&#8220;dark&#8220; overlay_alpha=&#8220;50&#8243; shift_x=&#8220;0&#8243; shift_y=&#8220;0&#8243; shift_y_down=&#8220;0&#8243; z_index=&#8220;0&#8243; medium_width=&#8220;0&#8243; mobile_width=&#8220;0&#8243; width=&#8220;1\/4&#8243;][vc_custom_heading heading_semantic=&#8220;p&#8220; text_size=&#8220;h5&#8243;]<img decoding=\"async\" class=\"alignnone size-full wp-image-83965\" src=\"https:\/\/famigo.info\/wp-content\/uploads\/2020\/09\/famigo_logo_70x90-svg.svg\" alt=\"\" width=\"96\" height=\"70\" \/>[\/vc_custom_heading][\/vc_column_inner][vc_column_inner column_width_percent=&#8220;100&#8243; gutter_size=&#8220;2&#8243; style=&#8220;dark&#8220; overlay_alpha=&#8220;50&#8243; shift_x=&#8220;0&#8243; shift_y=&#8220;0&#8243; shift_y_down=&#8220;0&#8243; z_index=&#8220;0&#8243; medium_width=&#8220;0&#8243; mobile_width=&#8220;0&#8243; width=&#8220;1\/4&#8243;][vc_empty_space empty_h=&#8220;2&#8243;][vc_custom_heading heading_semantic=&#8220;p&#8220; text_size=&#8220;&#8220; text_weight=&#8220;400&#8243; text_height=&#8220;fontheight-524109&#8243; text_color=&#8220;color-xsdn&#8220;]FAMIGO GmbH<br \/>\nIn der Sp\u00f6ck 10<br \/>\n77656 Offenburg[\/vc_custom_heading][uncode_list icon=&#8220;fa fa-envelope-o&#8220; icon_color=&#8220;color-xsdn&#8220;]<\/p>\n<ul>\n<li><a href=\"mailto:info@famigo.info\">\u00a0info@famigo.info<\/a><\/li>\n<\/ul>\n<p>[\/uncode_list][\/vc_column_inner][vc_column_inner column_width_percent=&#8220;100&#8243; gutter_size=&#8220;3&#8243; style=&#8220;dark&#8220; overlay_alpha=&#8220;50&#8243; shift_x=&#8220;0&#8243; shift_y=&#8220;0&#8243; shift_y_down=&#8220;0&#8243; z_index=&#8220;0&#8243; medium_width=&#8220;0&#8243; mobile_width=&#8220;0&#8243; width=&#8220;1\/4&#8243;][vc_empty_space empty_h=&#8220;1&#8243;][uncode_list icon=&#8220;fa fa-chevron-right&#8220; icon_color=&#8220;color-xsdn&#8220;]<\/p>\n<ul>\n<li><a href=\"https:\/\/famigo.info\/index.php\/impressum\/\">Impressum<\/a><\/li>\n<li><a href=\"https:\/\/famigo.info\/index.php\/datenschutzerklaerung\/\">Datenschutzerkl\u00e4rung<\/a><\/li>\n<li><a href=\"https:\/\/famigo.info\/index.php\/haftungsausschluss\/\">Haftungsausschluss<\/a><\/li>\n<li><a href=\"https:\/\/famigo.info\/index.php\/cookie-richtlinie-eu\/\">Cookie-Richtlinie (EU)<\/a><\/li>\n<\/ul>\n<p>[\/uncode_list][\/vc_column_inner][vc_column_inner column_width_percent=&#8220;100&#8243; gutter_size=&#8220;3&#8243; style=&#8220;dark&#8220; overlay_alpha=&#8220;50&#8243; shift_x=&#8220;0&#8243; shift_y=&#8220;0&#8243; shift_y_down=&#8220;0&#8243; z_index=&#8220;0&#8243; medium_width=&#8220;0&#8243; mobile_width=&#8220;0&#8243; width=&#8220;1\/4&#8243;][vc_empty_space empty_h=&#8220;1&#8243;][uncode_list icon=&#8220;fa fa-chevron-right&#8220; icon_color=&#8220;color-xsdn&#8220;]<\/p>\n<ul>\n<li><a href=\"https:\/\/famigo.info\/index.php\/kontakt\/\">Kontakt<\/a><\/li>\n<li><a href=\"https:\/\/famigo.info\/index.php\/pressemeldungen\/\">Referenzen<\/a><\/li>\n<\/ul>\n<p>[\/uncode_list][\/vc_column_inner][\/vc_row_inner][\/vc_column][\/vc_row]<\/p>\n<\/div>","protected":false},"excerpt":{"rendered":"<p>[vc_row row_height_percent=&#8220;50&#8243; override_padding=&#8220;yes&#8220; h_padding=&#8220;2&#8243; top_padding=&#8220;3&#8243; bottom_padding=&#8220;3&#8243; back_color=&#8220;accent&#8220; back_image=&#8220;82746&#8243; overlay_color=&#8220;color-143431&#8243; overlay_alpha=&#8220;70&#8243; equal_height=&#8220;yes&#8220; gutter_size=&#8220;3&#8243; column_width_percent=&#8220;100&#8243; shift_y=&#8220;0&#8243; z_index=&#8220;0&#8243; top_divider=&#8220;gradient&#8220; bottom_divider=&#8220;gradient&#8220;][vc_column column_width_percent=&#8220;100&#8243; position_vertical=&#8220;middle&#8220; gutter_size=&#8220;3&#8243; [&hellip;]<\/p>\n","protected":false},"author":2,"featured_media":0,"parent":0,"menu_order":0,"comment_status":"closed","ping_status":"closed","template":"","meta":{"_monsterinsights_skip_tracking":false,"_monsterinsights_sitenote_active":false,"_monsterinsights_sitenote_note":"","_monsterinsights_sitenote_category":0,"footnotes":""},"class_list":["post-84822","page","type-page","status-publish","hentry","page_category-famigo"],"yoast_head":"<!-- This site is optimized with the Yoast SEO plugin v27.5 - https:\/\/yoast.com\/product\/yoast-seo-wordpress\/ -->\n<title>Kontakt - Schreib uns eine Mail! - FAMIGO<\/title>\n<meta name=\"description\" content=\"Kontaktiere uns, wenn du unsere Applikationen unverbindlich testen oder in einem Gespr\u00e4ch mehr \u00fcber deren Potenzial erfahren m\u00f6chtest!\" \/>\n<meta name=\"robots\" content=\"index, follow, max-snippet:-1, max-image-preview:large, max-video-preview:-1\" \/>\n<link rel=\"canonical\" href=\"https:\/\/famigo.info\/index.php\/kontakt\/\" \/>\n<meta property=\"og:locale\" content=\"de_DE\" \/>\n<meta property=\"og:type\" content=\"article\" \/>\n<meta property=\"og:title\" content=\"Kontakt - Schreib uns eine Mail! - FAMIGO\" \/>\n<meta property=\"og:description\" content=\"Kontaktiere uns, wenn du unsere Applikationen unverbindlich testen oder in einem Gespr\u00e4ch mehr \u00fcber deren Potenzial erfahren m\u00f6chtest!\" \/>\n<meta property=\"og:url\" content=\"https:\/\/famigo.info\/index.php\/kontakt\/\" \/>\n<meta property=\"og:site_name\" content=\"FAMIGO\" \/>\n<meta property=\"article:modified_time\" content=\"2021-07-20T13:20:10+00:00\" \/>\n<meta property=\"og:image\" content=\"https:\/\/famigo.info\/wp-content\/uploads\/2020\/09\/famigo_logo_70x90-svg.svg\" \/>\n<meta name=\"twitter:card\" content=\"summary_large_image\" \/>\n<meta name=\"twitter:label1\" content=\"Gesch\u00e4tzte Lesezeit\" \/>\n\t<meta name=\"twitter:data1\" content=\"2\u00a0Minuten\" \/>\n<script type=\"application\/ld+json\" class=\"yoast-schema-graph\">{\"@context\":\"https:\\\/\\\/schema.org\",\"@graph\":[{\"@type\":\"WebPage\",\"@id\":\"https:\\\/\\\/famigo.info\\\/index.php\\\/kontakt\\\/\",\"url\":\"https:\\\/\\\/famigo.info\\\/index.php\\\/kontakt\\\/\",\"name\":\"Kontakt - Schreib uns eine Mail! - FAMIGO\",\"isPartOf\":{\"@id\":\"https:\\\/\\\/famigo.info\\\/#website\"},\"primaryImageOfPage\":{\"@id\":\"https:\\\/\\\/famigo.info\\\/index.php\\\/kontakt\\\/#primaryimage\"},\"image\":{\"@id\":\"https:\\\/\\\/famigo.info\\\/index.php\\\/kontakt\\\/#primaryimage\"},\"thumbnailUrl\":\"https:\\\/\\\/famigo.info\\\/wp-content\\\/uploads\\\/2020\\\/09\\\/famigo_logo_70x90-svg.svg\",\"datePublished\":\"2021-01-26T10:11:24+00:00\",\"dateModified\":\"2021-07-20T13:20:10+00:00\",\"description\":\"Kontaktiere uns, wenn du unsere Applikationen unverbindlich testen oder in einem Gespr\u00e4ch mehr \u00fcber deren Potenzial erfahren m\u00f6chtest!\",\"breadcrumb\":{\"@id\":\"https:\\\/\\\/famigo.info\\\/index.php\\\/kontakt\\\/#breadcrumb\"},\"inLanguage\":\"de\",\"potentialAction\":[{\"@type\":\"ReadAction\",\"target\":[\"https:\\\/\\\/famigo.info\\\/index.php\\\/kontakt\\\/\"]}]},{\"@type\":\"ImageObject\",\"inLanguage\":\"de\",\"@id\":\"https:\\\/\\\/famigo.info\\\/index.php\\\/kontakt\\\/#primaryimage\",\"url\":\"https:\\\/\\\/famigo.info\\\/wp-content\\\/uploads\\\/2020\\\/09\\\/famigo_logo_70x90-svg.svg\",\"contentUrl\":\"https:\\\/\\\/famigo.info\\\/wp-content\\\/uploads\\\/2020\\\/09\\\/famigo_logo_70x90-svg.svg\",\"width\":96,\"height\":70},{\"@type\":\"BreadcrumbList\",\"@id\":\"https:\\\/\\\/famigo.info\\\/index.php\\\/kontakt\\\/#breadcrumb\",\"itemListElement\":[{\"@type\":\"ListItem\",\"position\":1,\"name\":\"Home\",\"item\":\"https:\\\/\\\/famigo.info\\\/\"},{\"@type\":\"ListItem\",\"position\":2,\"name\":\"Kontakt\"}]},{\"@type\":\"WebSite\",\"@id\":\"https:\\\/\\\/famigo.info\\\/#website\",\"url\":\"https:\\\/\\\/famigo.info\\\/\",\"name\":\"FAMIGO\",\"description\":\"\",\"publisher\":{\"@id\":\"https:\\\/\\\/famigo.info\\\/#organization\"},\"potentialAction\":[{\"@type\":\"SearchAction\",\"target\":{\"@type\":\"EntryPoint\",\"urlTemplate\":\"https:\\\/\\\/famigo.info\\\/?s={search_term_string}\"},\"query-input\":{\"@type\":\"PropertyValueSpecification\",\"valueRequired\":true,\"valueName\":\"search_term_string\"}}],\"inLanguage\":\"de\"},{\"@type\":\"Organization\",\"@id\":\"https:\\\/\\\/famigo.info\\\/#organization\",\"name\":\"FAMIGO\",\"url\":\"https:\\\/\\\/famigo.info\\\/\",\"logo\":{\"@type\":\"ImageObject\",\"inLanguage\":\"de\",\"@id\":\"https:\\\/\\\/famigo.info\\\/#\\\/schema\\\/logo\\\/image\\\/\",\"url\":\"https:\\\/\\\/famigo.info\\\/wp-content\\\/uploads\\\/2020\\\/09\\\/famigo_logo_70x90-svg.svg\",\"contentUrl\":\"https:\\\/\\\/famigo.info\\\/wp-content\\\/uploads\\\/2020\\\/09\\\/famigo_logo_70x90-svg.svg\",\"width\":96,\"height\":70,\"caption\":\"FAMIGO\"},\"image\":{\"@id\":\"https:\\\/\\\/famigo.info\\\/#\\\/schema\\\/logo\\\/image\\\/\"}}]}<\/script>\n<!-- \/ Yoast SEO plugin. -->","yoast_head_json":{"title":"Kontakt - Schreib uns eine Mail! - FAMIGO","description":"Kontaktiere uns, wenn du unsere Applikationen unverbindlich testen oder in einem Gespr\u00e4ch mehr \u00fcber deren Potenzial erfahren m\u00f6chtest!","robots":{"index":"index","follow":"follow","max-snippet":"max-snippet:-1","max-image-preview":"max-image-preview:large","max-video-preview":"max-video-preview:-1"},"canonical":"https:\/\/famigo.info\/index.php\/kontakt\/","og_locale":"de_DE","og_type":"article","og_title":"Kontakt - Schreib uns eine Mail! - FAMIGO","og_description":"Kontaktiere uns, wenn du unsere Applikationen unverbindlich testen oder in einem Gespr\u00e4ch mehr \u00fcber deren Potenzial erfahren m\u00f6chtest!","og_url":"https:\/\/famigo.info\/index.php\/kontakt\/","og_site_name":"FAMIGO","article_modified_time":"2021-07-20T13:20:10+00:00","og_image":[{"url":"https:\/\/famigo.info\/wp-content\/uploads\/2020\/09\/famigo_logo_70x90-svg.svg","type":"","width":"","height":""}],"twitter_card":"summary_large_image","twitter_misc":{"Gesch\u00e4tzte Lesezeit":"2\u00a0Minuten"},"schema":{"@context":"https:\/\/schema.org","@graph":[{"@type":"WebPage","@id":"https:\/\/famigo.info\/index.php\/kontakt\/","url":"https:\/\/famigo.info\/index.php\/kontakt\/","name":"Kontakt - Schreib uns eine Mail! - FAMIGO","isPartOf":{"@id":"https:\/\/famigo.info\/#website"},"primaryImageOfPage":{"@id":"https:\/\/famigo.info\/index.php\/kontakt\/#primaryimage"},"image":{"@id":"https:\/\/famigo.info\/index.php\/kontakt\/#primaryimage"},"thumbnailUrl":"https:\/\/famigo.info\/wp-content\/uploads\/2020\/09\/famigo_logo_70x90-svg.svg","datePublished":"2021-01-26T10:11:24+00:00","dateModified":"2021-07-20T13:20:10+00:00","description":"Kontaktiere uns, wenn du unsere Applikationen unverbindlich testen oder in einem Gespr\u00e4ch mehr \u00fcber deren Potenzial erfahren m\u00f6chtest!","breadcrumb":{"@id":"https:\/\/famigo.info\/index.php\/kontakt\/#breadcrumb"},"inLanguage":"de","potentialAction":[{"@type":"ReadAction","target":["https:\/\/famigo.info\/index.php\/kontakt\/"]}]},{"@type":"ImageObject","inLanguage":"de","@id":"https:\/\/famigo.info\/index.php\/kontakt\/#primaryimage","url":"https:\/\/famigo.info\/wp-content\/uploads\/2020\/09\/famigo_logo_70x90-svg.svg","contentUrl":"https:\/\/famigo.info\/wp-content\/uploads\/2020\/09\/famigo_logo_70x90-svg.svg","width":96,"height":70},{"@type":"BreadcrumbList","@id":"https:\/\/famigo.info\/index.php\/kontakt\/#breadcrumb","itemListElement":[{"@type":"ListItem","position":1,"name":"Home","item":"https:\/\/famigo.info\/"},{"@type":"ListItem","position":2,"name":"Kontakt"}]},{"@type":"WebSite","@id":"https:\/\/famigo.info\/#website","url":"https:\/\/famigo.info\/","name":"FAMIGO","description":"","publisher":{"@id":"https:\/\/famigo.info\/#organization"},"potentialAction":[{"@type":"SearchAction","target":{"@type":"EntryPoint","urlTemplate":"https:\/\/famigo.info\/?s={search_term_string}"},"query-input":{"@type":"PropertyValueSpecification","valueRequired":true,"valueName":"search_term_string"}}],"inLanguage":"de"},{"@type":"Organization","@id":"https:\/\/famigo.info\/#organization","name":"FAMIGO","url":"https:\/\/famigo.info\/","logo":{"@type":"ImageObject","inLanguage":"de","@id":"https:\/\/famigo.info\/#\/schema\/logo\/image\/","url":"https:\/\/famigo.info\/wp-content\/uploads\/2020\/09\/famigo_logo_70x90-svg.svg","contentUrl":"https:\/\/famigo.info\/wp-content\/uploads\/2020\/09\/famigo_logo_70x90-svg.svg","width":96,"height":70,"caption":"FAMIGO"},"image":{"@id":"https:\/\/famigo.info\/#\/schema\/logo\/image\/"}}]}},"_links":{"self":[{"href":"https:\/\/famigo.info\/index.php\/wp-json\/wp\/v2\/pages\/84822","targetHints":{"allow":["GET"]}}],"collection":[{"href":"https:\/\/famigo.info\/index.php\/wp-json\/wp\/v2\/pages"}],"about":[{"href":"https:\/\/famigo.info\/index.php\/wp-json\/wp\/v2\/types\/page"}],"author":[{"embeddable":true,"href":"https:\/\/famigo.info\/index.php\/wp-json\/wp\/v2\/users\/2"}],"replies":[{"embeddable":true,"href":"https:\/\/famigo.info\/index.php\/wp-json\/wp\/v2\/comments?post=84822"}],"version-history":[{"count":26,"href":"https:\/\/famigo.info\/index.php\/wp-json\/wp\/v2\/pages\/84822\/revisions"}],"predecessor-version":[{"id":84866,"href":"https:\/\/famigo.info\/index.php\/wp-json\/wp\/v2\/pages\/84822\/revisions\/84866"}],"wp:attachment":[{"href":"https:\/\/famigo.info\/index.php\/wp-json\/wp\/v2\/media?parent=84822"}],"curies":[{"name":"wp","href":"https:\/\/api.w.org\/{rel}","templated":true}]}}