{"id":3,"date":"2020-08-11T13:30:27","date_gmt":"2020-08-11T11:30:27","guid":{"rendered":"https:\/\/famigo.info\/wordpress\/?page_id=3"},"modified":"2025-05-08T13:06:46","modified_gmt":"2025-05-08T11:06:46","slug":"datenschutzerklaerung","status":"publish","type":"page","link":"https:\/\/famigo.info\/index.php\/datenschutzerklaerung\/","title":{"rendered":"Datenschutzerkl\u00e4rung"},"content":{"rendered":"<h2><\/h2>\n<div class=\"s3-t s3-t0\">\n<p>Datenschutz und Datensicherheit haben f\u00fcr FAMIGO eine hohe Priorit\u00e4t. Der Schutz Ihrer personenbezogenen Daten w\u00e4hrend unserer gesamten Gesch\u00e4ftsprozesse ist uns daher ein besonderes Anliegen. Diese Erkl\u00e4rung zum Datenschutz erl\u00e4utert, welche Informationen auf unserer Website durch Ihren Besuch erfasst und wie diese Informationen verarbeitet werden. Die Erkl\u00e4rung gilt nicht f\u00fcr Webseiten anderer Unternehmen, die einen Link zu dieser Website der FAMIGO GmbH enthalten oder zu denen unsere Website Links gesetzt hat.<\/p>\n<p>Verantwortlich f\u00fcr die Datenverarbeitung im Sinne der Datenschutz-Grundverordnung (DSGVO) ist:<\/p>\n<p>FAMIGO GmbH<\/p>\n<p>In der Sp\u00f6ck 10<\/p>\n<p>Alexander Feldberger<\/p>\n<p>77656 Offenburg<\/p>\n<p>N\u00e4here Angaben zu FAMIGO finden sich im<a href=\"https:\/\/famigo.info\/index.php\/impressum\/\"> Impressum.<\/a><\/p>\n<p>Wir haben einen Datenschutzbeauftragten bestellt. Diesen erreichen Sie unter <a href=\"mailto:wagner@comtection.de\">wagner@comtection.de<\/a>.<\/p>\n<h3><strong>I. DATENVERWENDUNG BEIM BESUCH DER FAMIGO WEBSEITEN<\/strong><\/h3>\n<p>Die Webseiten von FAMIGO k\u00f6nnen besucht werden, ohne dass der Besucher Angaben zu seiner Person machen muss.<\/p>\n<p>Ihre Daten werden dann verwendet, um den Abruf der Internetseite zu erm\u00f6glichen.<\/p>\n<p>Dazu geh\u00f6ren Ihre IP-Adresse, der Status-Code, die besuchten Webseiten, Datum und Uhrzeit der Serveranfrage, Browsertyp und Browserversion, Referrer (zuvor besuchte Seite), \u00fcbertragene Dateien und Datenmenge. Diese Surf-Daten werden bei FAMIGO in sog. Logfiles gespeichert und in der Regel nach 7 Tagen gel\u00f6scht bzw. anonymisiert, sofern FAMIGO die Daten nicht weiter behalten darf, z.B. weil Sie dem zugestimmt haben oder gesetzliche Aufbewahrungspflichten bestehen. Die Verarbeitung der Surf-Daten erfolgt zum Aufbau und Erhalt der technischen Verbindung beim Internetsurfen. Diese Daten werden von FAMIGO, soweit m\u00f6glich pseudonymisiert oder anonymisiert, au\u00dferdem dazu verwendet, um die Nutzung unserer Webseiten zu analysieren oder um St\u00f6rungen und Probleme technischer oder prozessbedingter Art zu erkennen und zu beseitigen sowie zur Verhinderung und Aufkl\u00e4rung rechtswidriger Nutzung (z.B. Cyberangriffe). Rechtsgrundlage f\u00fcr die Verarbeitung der personenbezogenen Daten ist Art. 6 Abs.1 lit. f DSGVO (berechtigtes Interesse von FAMIGO).<\/p>\n<h2><strong>II. FAMIGO COOKIES<\/strong><\/h2>\n<p>FAMIGO verwendet ggf. Cookies oder \u00e4hnliche Verfahren. Es geht dabei um kleine Dateien, die auf Ihrem Endger\u00e4t abgelegt werden, damit wir Sie wiedererkennen oder Informationen besser erfassen k\u00f6nnen.<\/p>\n<p>Cookies k\u00f6nnen nach ihrer Lebensdauer unterschieden werden in Session-Cookies, die nach Ende der Browser-Sitzung automatisch gel\u00f6scht werden, oder permanente Cookies, die \u00fcber die einzelne Browser-Sitzung hinaus gespeichert werden und eine sp\u00e4tere Wiedererkennung des Endger\u00e4tes erm\u00f6glichen. Auch kann man unterscheiden zwischen eigenen Cookies von FAMIGO und solchen von Drittanbietern.<\/p>\n<p>Sie k\u00f6nnen in Ihren Browsereinstellungen jederzeit die Speicherung von Cookies verhindern oder vorhandene Cookies l\u00f6schen. Dies kann jedoch dazu f\u00fchren, dass einzelne Funktionen der Webseiten nicht oder nur eingeschr\u00e4nkt verf\u00fcgbar sind. Die Speicherdauer ist je Cookie unterschiedlich und kann in Ihrem Browser eingesehen werden.<\/p>\n<p>Im Rahmen des Besuchs werden technisch notwendige und sinnvolle Cookies von FAMIGO gesetzt, welche die Funktionalit\u00e4t verbessern oder die Nutzung der Webseiten nutzerfreundlicher gestalten. Es geht dabei etwa um Ihre Identifizierung und Authentifizierung, Speicherung von Nutzerpr\u00e4ferenzen und -einstellungen (z.B. Spracheinstellungen), die Sie vorgenommen haben, die \u00dcbernahme von Ihnen bereits angegebener Informationen, damit sie diese nicht mehrmals angeben m\u00fcssen, sicherheitsrelevante Cookies oder Cookies zur Nutzung von Multimedia Playern.<\/p>\n<p>Rechtsgrundlage f\u00fcr die Verarbeitung der personenbezogenen Daten bei Verwendung der Cookies ist Art. 6 Abs.1 lit. f DSGVO (berechtigtes Interesse von FAMIGO).<\/p>\n<h4><strong>Technisch bedingte Cookies <\/strong><\/h4>\n<p>Technisch bedingte Cookies dienen dazu, Ihnen zus\u00e4tzliche Funktionalit\u00e4ten oder eine komfortablere Nutzung der Website zu erm\u00f6glichen, bspw. durch Speicherung ihrer L\u00e4nder- oder Spracheinstellung. Auch die technisch bedingten Cookies werden in der Regel beim Schlie\u00dfen Ihres Browsers automatisch gel\u00f6scht (Session-Cookies), in anderen F\u00e4llen aber erst nach l\u00e4ngerer Zeit (Persistent-Cookies). Die Speicherdauer kann in Ihrem Browser eingesehen werden. Rechtsgrundlage ist Ihre Cookie-Einwilligung gem. \u00a7 25 Abs. 1 TDDDG i. V. m. Art. 6 Abs. 1 lit. a) DSGVO.<\/p>\n<h2><strong>III. Webfonts von Bunny.net<\/strong><\/h2>\n<p>FAMIGO verwendet zur Darstellung von Schriftarten so genannte Web Fonts der BunnyWay d.o.o., Dunajska cesta 165, 1000 Ljubljana, Slowenien (\u201eBunny\u201c).<\/p>\n<p>Beim Aufruf einer Seite l\u00e4dt Ihr Browser die ben\u00f6tigten Web Fonts in Ihren Browser, um Texte und Schriftarten korrekt anzuzeigen. Dazu nimmt Ihr Browser Verbindung mit dem Bunny CDN auf, wodurch Ihre IP-Adresse an Bunny \u00fcbertragen wird.<\/p>\n<p>Die Nutzung von Web Fonts erfolgt im Interesse einer einheitlichen und ansprechenden Darstellung der Webseiten von FAMIGO. Wenn Ihr Browser Web Fonts nicht unterst\u00fctzt, wird von Ihrem Endger\u00e4t eine Standardschrift verwendet.<\/p>\n<p>Hier erhalten finden Sie die Datenschutzinformationen von Bunny: https:\/\/bunny.net\/privacy\/<\/p>\n<h2><strong>IV. DATENVERWENDUNG BEI DER KONTAKTAUFNAHME DURCH DEN NUTZER<\/strong><\/h2>\n<p>FAMIGO benennt auf seinen Webseiten verschiedene M\u00f6glichkeiten, wie man zu FAMIGO Kontakt aufnehmen kann. Es gibt insofern keine Pflichtangaben. Sofern Sie die Kontaktaufnahme per (unverschl\u00fcsselter) E-Mail w\u00e4hlen, pr\u00fcfen Sie bitte zuvor, ob Sie nicht lieber einen sicheren \u00dcbertragungsweg (z.B. Post) benutzen m\u00f6chten.<\/p>\n<p>S\u00e4mtliche im Rahmen der Kontaktaufnahme erhobenen Daten werden nur zur Bearbeitung Ihres Anliegens und zur Beantwortung Ihrer Frage verwendet. Rechtsgrundlagen sind Art. 6 Abs. 1 lit. a DSGVO (Ihre Einwilligung), Art. 6 Abs. 1 lit. b DSGVO (Vertragserf\u00fcllung und Vertragsanbahnung) oder Art. 6 Abs.1 lit. f DSGVO (berechtigtes Interesse von FAMIGO). Nach erfolgter Bearbeitung werden Ihre Daten gesperrt bzw. gel\u00f6scht, soweit FAMIGO die Daten nicht weiter behalten darf, z.B. weil Sie dem zugestimmt haben oder gesetzliche Aufbewahrungspflichten bestehen.<\/p>\n<h2><strong>V. DATENVERWENDUNG BEI BEWERBUNGEN<\/strong><\/h2>\n<p>Wenn Sie sich bei uns auf eine Stelle bewerben m\u00f6chten, k\u00f6nnen Sie uns Ihre Bewerbungsunterlagen gerne per Post schicken. Personenbezogene Daten werden dabei nicht in ein Drittland au\u00dferhalb der Europ\u00e4ischen Union oder des Europ\u00e4ischen Wirtschaftsraums \u00fcbermittelt.<\/p>\n<p>Im Falle einer Bewerbung bei FAMIGO erheben, verarbeiten und nutzen wir Ihre Bewerbungsdaten (in der Regel Vorname, Nachname, E-Mail-Adresse, Telefonnummer, Lebenslauf, Bewerbungsanschreiben) zur Bearbeitung Ihrer Bewerbung. Ihre Bewerbungsdaten werden nur zu diesem Zweck und im Rahmen der gesetzlichen Bestimmungen verwendet. Ihre Daten werden hierbei vertraulich behandelt. Wir erfassen nur solche personenbezogenen Daten von Ihnen, die f\u00fcr das Bewerbungsverfahren erforderlich sind. Rechtsgrundlagen sind Art. 6 Abs. 1 lit. a DSGVO (Ihre Einwilligung) sowie \u00a7 26 Abs. 1 BDSG i.V.m. Art. 6 Abs. 1 lit. b DSGVO (Datenverarbeitung f\u00fcr die Entscheidung \u00fcber die Begr\u00fcndunge eines Besch\u00e4ftigungsverh\u00e4ltnisses, Vertragsanbahnung). Nach erfolgter Bearbeitung werden Ihre Daten gesperrt bzw. gel\u00f6scht, in der Regel nach 3 bis 6 Monaten, soweit FAMIGO die Daten nicht weiter behalten darf, z.B. weil Sie dem zugestimmt haben oder gesetzliche Aufbewahrungspflichten bestehen.<\/p>\n<h2><strong>VII. SICHERHEITSMASSNAHME<\/strong><\/h2>\n<p>FAMIGO setzt umfangreiche technische und betriebliche Sicherheitsvorkehrungen ein. Unter Ber\u00fccksichtigung des Stands der Technik, der Implementierungskosten und der Art, des Umfangs, der Umst\u00e4nde und der Zwecke der Verarbeitung sowie der unterschiedlichen Eintrittswahrscheinlichkeit und Schwere des Risikos ergreift FAMIGO geeignete technische und organisatorische Sicherheitsma\u00dfnahmen, um ein dem Risiko angemessenes Schutzniveau f\u00fcr personenbezogene Daten zu gew\u00e4hrleisten. Unsere Sicherheitsverfahren werden entsprechend der technologischen Entwicklung fortlaufend verbessert. Unsere Datenschutzpraxis steht im Einklang mit der Datenschutz-Grundverordnung (DSGVO), dem Bundesdatenschutzgesetz (BDSG) und dem Telemediengesetz (TMG). Die \u00dcbertragung von Daten zwischen Ihrem Endger\u00e4t und den FAMIGO Webseiten erfolgt grunds\u00e4tzlich verschl\u00fcsselt (TLS-Verschl\u00fcsselung). Sie k\u00f6nnen eine verschl\u00fcsselte Verbindung etwa an dem Schloss-Symbol in der Adresszeile Ihres Browsers erkennen.<\/p>\n<h2><strong>VIII. BETROFFENENRECHTE<\/strong><\/h2>\n<p>Werden personenbezogene Daten von Ihnen durch FAMIGO verarbeitet, dann sind Sie betroffene Person (Art. 4 Nr. 1 DSGVO). Bei Nutzung unserer Webseiten unterliegen Sie keiner automatisierten Entscheidungsfindung (siehe Art. 22 DSGVO). Die FAMIGO Webseiten richten sich nicht an Minderj\u00e4hrige.<\/p>\n<p>Als betroffene Person stehen Ihnen bez\u00fcglich der Sie betreffenden personenbezogenen Daten folgende Rechte zu:<\/p>\n<h4><strong>RECHT AUF AUSKUNFT (ART. 15 DSGVO)<\/strong><\/h4>\n<p>Die betroffene Person hat das Recht, von dem Verantwortlichen eine Best\u00e4tigung dar\u00fcber zu verlangen, ob sie betreffende personenbezogene Daten verarbeitet werden; ist dies der Fall, so hat sie ein Recht auf Auskunft \u00fcber diese personenbezogenen Daten und auf weiter gehende Informationen zur Datenverarbeitung.<\/p>\n<h4><strong>RECHT AUF BERICHTIGUNG (ART. 16 DSGVO)<\/strong><\/h4>\n<p>Die betroffene Person hat das Recht, von dem Verantwortlichen unverz\u00fcglich die Berichtigung oder ggf. Vervollst\u00e4ndigung sie betreffender unrichtiger personenbezogener Daten zu verlangen.<\/p>\n<h4><strong>RECHT AUF L\u00d6SCHUNG (ART. 17 DSGVO)<\/strong><\/h4>\n<p>Die betroffene Person hat das Recht, von dem Verantwortlichen zu verlangen, dass sie betreffende personenbezogene Daten unverz\u00fcglich gel\u00f6scht werden, und der Verantwortliche ist verpflichtet, personenbezogene Daten unverz\u00fcglich zu l\u00f6schen, sofern die Daten nicht mehr notwendig sind, die betroffene Person ihre Einwilligung widerruft oder Widerspruch gegen die Verarbeitung einlegt, die personenbezogenen Daten unrechtm\u00e4\u00dfig verarbeitet wurden oder sonst ein L\u00f6schungsgrund im Sinne von Art. 17 DSGVO vorliegt und der Verantwortliche nicht berechtigt ist, der L\u00f6schung zu widersprechen.<\/p>\n<h4><strong>RECHT AUF EINSCHR\u00c4NKUNG DER VERARBEITUNG (ART. 18 DSGVO)<\/strong><\/h4>\n<p>Die betroffene Person hat das Recht, von dem Verantwortlichen die Einschr\u00e4nkung der Verarbeitung zu verlangen, wenn eine der in Art. 18 DSGVO genannten Voraussetzungen gegeben ist, etwa die Richtigkeit der personenbezogenen Daten von der betroffenen Person bestritten wird oder die Verarbeitung unrechtm\u00e4\u00dfig ist und die betroffene Person die L\u00f6schung der personenbezogenen Daten ablehnt.<\/p>\n<h4><strong>RECHT AUF WIDERSPRUCH (ART. 21 DSGVO)<\/strong><\/h4>\n<p>Soweit die Datenverarbeitung sich auf ein berechtigtes Interesse unsererseits st\u00fctzt (Art. 6 Abs. 1 lit. f DSGVO) oder es sich um Direktwerbung handelt, hat die betroffene Person das Recht, aus den in Art. 21 DSGVO genannten Gr\u00fcnden, jederzeit gegen die Verarbeitung sie betreffender personenbezogener Daten Widerspruch einzulegen. Der Verantwortliche verarbeitet die personenbezogenen Daten dann nicht mehr, es sei denn, er kann zwingende schutzw\u00fcrdige Gr\u00fcnde f\u00fcr die Verarbeitung nachweisen, die die Interessen, Rechte und Freiheiten der betroffenen Person \u00fcberwiegen, oder die Verarbeitung dient der Geltendmachung, Aus\u00fcbung oder Verteidigung von Rechtsanspr\u00fcchen.<\/p>\n<h4><strong>RECHT AUF DATEN\u00dcBERTRAGBARKEIT (ART. 20 DSGVO)<\/strong><\/h4>\n<p>Die betroffene Person hat im Rahmen von Art. 20 DSGVO das Recht, die sie betreffenden personenbezogenen Daten, die sie einem Verantwortlichen bereitgestellt hat, in einem strukturierten, g\u00e4ngigen und maschinenlesbaren Format zu erhalten, und sie hat das Recht, diese Daten einem anderen Verantwortlichen ohne Behinderung durch den Verantwortlichen, dem die personenbezogenen Daten bereitgestellt wurden, zu \u00fcbermitteln.<\/p>\n<h4><strong>RECHT AUF BESCHWERDE (ART. 77 DSGVO)<\/strong><\/h4>\n<p>Jede betroffene Person hat unbeschadet anderweitiger Rechtsbehelfe das Recht auf Beschwerde bei einer Aufsichtsbeh\u00f6rde gem\u00e4\u00df Art. 77 DSGVO.<\/p>\n<p>Stand: April 2025<\/p>\n<\/div>\n","protected":false},"excerpt":{"rendered":"<p>Datenschutz und Datensicherheit haben f\u00fcr FAMIGO eine hohe Priorit\u00e4t. Der Schutz Ihrer personenbezogenen Daten w\u00e4hrend unserer gesamten Gesch\u00e4ftsprozesse ist uns [&hellip;]<\/p>\n","protected":false},"author":1,"featured_media":0,"parent":0,"menu_order":0,"comment_status":"closed","ping_status":"closed","template":"","meta":{"_monsterinsights_skip_tracking":false,"_monsterinsights_sitenote_active":false,"_monsterinsights_sitenote_note":"","_monsterinsights_sitenote_category":0,"footnotes":""},"class_list":["post-3","page","type-page","status-publish","hentry","page_category-famigo"],"yoast_head":"<!-- This site is optimized with the Yoast SEO plugin v27.4 - https:\/\/yoast.com\/product\/yoast-seo-wordpress\/ -->\n<title>Datenschutzerkl\u00e4rung - FAMIGO<\/title>\n<meta name=\"robots\" content=\"index, follow, max-snippet:-1, max-image-preview:large, max-video-preview:-1\" \/>\n<link rel=\"canonical\" href=\"https:\/\/famigo.info\/index.php\/datenschutzerklaerung\/\" \/>\n<meta property=\"og:locale\" content=\"de_DE\" \/>\n<meta property=\"og:type\" content=\"article\" \/>\n<meta property=\"og:title\" content=\"Datenschutzerkl\u00e4rung - FAMIGO\" \/>\n<meta property=\"og:description\" content=\"Datenschutz und Datensicherheit haben f\u00fcr FAMIGO eine hohe Priorit\u00e4t. Der Schutz Ihrer personenbezogenen Daten w\u00e4hrend unserer gesamten Gesch\u00e4ftsprozesse ist uns [&hellip;]\" \/>\n<meta property=\"og:url\" content=\"https:\/\/famigo.info\/index.php\/datenschutzerklaerung\/\" \/>\n<meta property=\"og:site_name\" content=\"FAMIGO\" \/>\n<meta property=\"article:modified_time\" content=\"2025-05-08T11:06:46+00:00\" \/>\n<meta name=\"twitter:card\" content=\"summary_large_image\" \/>\n<meta name=\"twitter:label1\" content=\"Gesch\u00e4tzte Lesezeit\" \/>\n\t<meta name=\"twitter:data1\" content=\"9\u00a0Minuten\" \/>\n<script type=\"application\/ld+json\" class=\"yoast-schema-graph\">{\"@context\":\"https:\\\/\\\/schema.org\",\"@graph\":[{\"@type\":\"WebPage\",\"@id\":\"https:\\\/\\\/famigo.info\\\/index.php\\\/datenschutzerklaerung\\\/\",\"url\":\"https:\\\/\\\/famigo.info\\\/index.php\\\/datenschutzerklaerung\\\/\",\"name\":\"Datenschutzerkl\u00e4rung - FAMIGO\",\"isPartOf\":{\"@id\":\"https:\\\/\\\/famigo.info\\\/#website\"},\"datePublished\":\"2020-08-11T11:30:27+00:00\",\"dateModified\":\"2025-05-08T11:06:46+00:00\",\"breadcrumb\":{\"@id\":\"https:\\\/\\\/famigo.info\\\/index.php\\\/datenschutzerklaerung\\\/#breadcrumb\"},\"inLanguage\":\"de\",\"potentialAction\":[{\"@type\":\"ReadAction\",\"target\":[\"https:\\\/\\\/famigo.info\\\/index.php\\\/datenschutzerklaerung\\\/\"]}]},{\"@type\":\"BreadcrumbList\",\"@id\":\"https:\\\/\\\/famigo.info\\\/index.php\\\/datenschutzerklaerung\\\/#breadcrumb\",\"itemListElement\":[{\"@type\":\"ListItem\",\"position\":1,\"name\":\"Home\",\"item\":\"https:\\\/\\\/famigo.info\\\/\"},{\"@type\":\"ListItem\",\"position\":2,\"name\":\"Datenschutzerkl\u00e4rung\"}]},{\"@type\":\"WebSite\",\"@id\":\"https:\\\/\\\/famigo.info\\\/#website\",\"url\":\"https:\\\/\\\/famigo.info\\\/\",\"name\":\"FAMIGO\",\"description\":\"\",\"publisher\":{\"@id\":\"https:\\\/\\\/famigo.info\\\/#organization\"},\"potentialAction\":[{\"@type\":\"SearchAction\",\"target\":{\"@type\":\"EntryPoint\",\"urlTemplate\":\"https:\\\/\\\/famigo.info\\\/?s={search_term_string}\"},\"query-input\":{\"@type\":\"PropertyValueSpecification\",\"valueRequired\":true,\"valueName\":\"search_term_string\"}}],\"inLanguage\":\"de\"},{\"@type\":\"Organization\",\"@id\":\"https:\\\/\\\/famigo.info\\\/#organization\",\"name\":\"FAMIGO\",\"url\":\"https:\\\/\\\/famigo.info\\\/\",\"logo\":{\"@type\":\"ImageObject\",\"inLanguage\":\"de\",\"@id\":\"https:\\\/\\\/famigo.info\\\/#\\\/schema\\\/logo\\\/image\\\/\",\"url\":\"https:\\\/\\\/famigo.info\\\/wp-content\\\/uploads\\\/2020\\\/09\\\/famigo_logo_70x90-svg.svg\",\"contentUrl\":\"https:\\\/\\\/famigo.info\\\/wp-content\\\/uploads\\\/2020\\\/09\\\/famigo_logo_70x90-svg.svg\",\"width\":96,\"height\":70,\"caption\":\"FAMIGO\"},\"image\":{\"@id\":\"https:\\\/\\\/famigo.info\\\/#\\\/schema\\\/logo\\\/image\\\/\"}}]}<\/script>\n<!-- \/ Yoast SEO plugin. -->","yoast_head_json":{"title":"Datenschutzerkl\u00e4rung - FAMIGO","robots":{"index":"index","follow":"follow","max-snippet":"max-snippet:-1","max-image-preview":"max-image-preview:large","max-video-preview":"max-video-preview:-1"},"canonical":"https:\/\/famigo.info\/index.php\/datenschutzerklaerung\/","og_locale":"de_DE","og_type":"article","og_title":"Datenschutzerkl\u00e4rung - FAMIGO","og_description":"Datenschutz und Datensicherheit haben f\u00fcr FAMIGO eine hohe Priorit\u00e4t. Der Schutz Ihrer personenbezogenen Daten w\u00e4hrend unserer gesamten Gesch\u00e4ftsprozesse ist uns [&hellip;]","og_url":"https:\/\/famigo.info\/index.php\/datenschutzerklaerung\/","og_site_name":"FAMIGO","article_modified_time":"2025-05-08T11:06:46+00:00","twitter_card":"summary_large_image","twitter_misc":{"Gesch\u00e4tzte Lesezeit":"9\u00a0Minuten"},"schema":{"@context":"https:\/\/schema.org","@graph":[{"@type":"WebPage","@id":"https:\/\/famigo.info\/index.php\/datenschutzerklaerung\/","url":"https:\/\/famigo.info\/index.php\/datenschutzerklaerung\/","name":"Datenschutzerkl\u00e4rung - FAMIGO","isPartOf":{"@id":"https:\/\/famigo.info\/#website"},"datePublished":"2020-08-11T11:30:27+00:00","dateModified":"2025-05-08T11:06:46+00:00","breadcrumb":{"@id":"https:\/\/famigo.info\/index.php\/datenschutzerklaerung\/#breadcrumb"},"inLanguage":"de","potentialAction":[{"@type":"ReadAction","target":["https:\/\/famigo.info\/index.php\/datenschutzerklaerung\/"]}]},{"@type":"BreadcrumbList","@id":"https:\/\/famigo.info\/index.php\/datenschutzerklaerung\/#breadcrumb","itemListElement":[{"@type":"ListItem","position":1,"name":"Home","item":"https:\/\/famigo.info\/"},{"@type":"ListItem","position":2,"name":"Datenschutzerkl\u00e4rung"}]},{"@type":"WebSite","@id":"https:\/\/famigo.info\/#website","url":"https:\/\/famigo.info\/","name":"FAMIGO","description":"","publisher":{"@id":"https:\/\/famigo.info\/#organization"},"potentialAction":[{"@type":"SearchAction","target":{"@type":"EntryPoint","urlTemplate":"https:\/\/famigo.info\/?s={search_term_string}"},"query-input":{"@type":"PropertyValueSpecification","valueRequired":true,"valueName":"search_term_string"}}],"inLanguage":"de"},{"@type":"Organization","@id":"https:\/\/famigo.info\/#organization","name":"FAMIGO","url":"https:\/\/famigo.info\/","logo":{"@type":"ImageObject","inLanguage":"de","@id":"https:\/\/famigo.info\/#\/schema\/logo\/image\/","url":"https:\/\/famigo.info\/wp-content\/uploads\/2020\/09\/famigo_logo_70x90-svg.svg","contentUrl":"https:\/\/famigo.info\/wp-content\/uploads\/2020\/09\/famigo_logo_70x90-svg.svg","width":96,"height":70,"caption":"FAMIGO"},"image":{"@id":"https:\/\/famigo.info\/#\/schema\/logo\/image\/"}}]}},"_links":{"self":[{"href":"https:\/\/famigo.info\/index.php\/wp-json\/wp\/v2\/pages\/3","targetHints":{"allow":["GET"]}}],"collection":[{"href":"https:\/\/famigo.info\/index.php\/wp-json\/wp\/v2\/pages"}],"about":[{"href":"https:\/\/famigo.info\/index.php\/wp-json\/wp\/v2\/types\/page"}],"author":[{"embeddable":true,"href":"https:\/\/famigo.info\/index.php\/wp-json\/wp\/v2\/users\/1"}],"replies":[{"embeddable":true,"href":"https:\/\/famigo.info\/index.php\/wp-json\/wp\/v2\/comments?post=3"}],"version-history":[{"count":12,"href":"https:\/\/famigo.info\/index.php\/wp-json\/wp\/v2\/pages\/3\/revisions"}],"predecessor-version":[{"id":85525,"href":"https:\/\/famigo.info\/index.php\/wp-json\/wp\/v2\/pages\/3\/revisions\/85525"}],"wp:attachment":[{"href":"https:\/\/famigo.info\/index.php\/wp-json\/wp\/v2\/media?parent=3"}],"curies":[{"name":"wp","href":"https:\/\/api.w.org\/{rel}","templated":true}]}}